{"id":3321,"date":"2025-01-04T16:17:44","date_gmt":"2025-01-04T15:17:44","guid":{"rendered":"https:\/\/le5stagioni.com\/a-propos-de-nous\/"},"modified":"2025-04-03T12:28:36","modified_gmt":"2025-04-03T10:28:36","slug":"a-propos-de-nous","status":"publish","type":"page","link":"https:\/\/le5stagioni.com\/fr\/a-propos-de-nous\/","title":{"rendered":"A propos de nous"},"content":{"rendered":"\t\t<div data-elementor-type=\"wp-page\" data-elementor-id=\"3321\" class=\"elementor elementor-3321 elementor-2051\" data-elementor-post-type=\"page\">\n\t\t\t\t<div class=\"elementor-element elementor-element-31d0e32b e-flex e-con-boxed e-con e-parent\" data-id=\"31d0e32b\" data-element_type=\"container\" data-e-type=\"container\" data-settings=\"{&quot;background_background&quot;:&quot;video&quot;,&quot;background_video_link&quot;:&quot;https:\\\/\\\/le5stagioni.com\\\/wp-content\\\/uploads\\\/2025\\\/03\\\/video-le5s.mp4&quot;,&quot;background_play_on_mobile&quot;:&quot;yes&quot;}\">\n\t\t\t\t\t<div class=\"e-con-inner\">\n\t\t<div class=\"elementor-background-video-container\">\n\t\t\t\t\t\t\t<video class=\"elementor-background-video-hosted\" role=\"presentation\" autoplay muted playsinline loop><\/video>\n\t\t\t\t\t<\/div>\t\t<div class=\"elementor-element elementor-element-4fc23e8b elementor-widget elementor-widget-heading\" data-id=\"4fc23e8b\" data-element_type=\"widget\" data-e-type=\"widget\" data-widget_type=\"heading.default\">\n\t\t\t\t\t<h1 class=\"elementor-heading-title elementor-size-default\">A propos de nous<\/h1>\t\t\t\t<\/div>\n\t\t\t\t\t<\/div>\n\t\t\t\t<\/div>\n\t\t<div class=\"elementor-element elementor-element-fa8c2f3 e-flex e-con-boxed e-con e-parent\" data-id=\"fa8c2f3\" data-element_type=\"container\" data-e-type=\"container\">\n\t\t\t\t\t<div class=\"e-con-inner\">\n\t\t<div class=\"elementor-element elementor-element-d5d5d13 e-con-full e-flex e-con e-child\" data-id=\"d5d5d13\" data-element_type=\"container\" data-e-type=\"container\">\n\t\t\t\t<\/div>\n\t\t<div class=\"elementor-element elementor-element-b806001 e-con-full e-flex e-con e-child\" data-id=\"b806001\" data-element_type=\"container\" data-e-type=\"container\">\n\t\t\t\t<div class=\"elementor-element elementor-element-05c59ca elementor-widget elementor-widget-heading\" data-id=\"05c59ca\" data-element_type=\"widget\" data-e-type=\"widget\" data-widget_type=\"heading.default\">\n\t\t\t\t\t<h2 class=\"elementor-heading-title elementor-size-default\">Tradition et innovation\npour vos <span class=\"display-accent\">pizzas<\/span><\/h2>\t\t\t\t<\/div>\n\t\t\t\t<\/div>\n\t\t<div class=\"elementor-element elementor-element-41aabd1 e-con-full e-flex e-con e-child\" data-id=\"41aabd1\" data-element_type=\"container\" data-e-type=\"container\">\n\t\t\t\t<\/div>\n\t\t\t\t\t<\/div>\n\t\t\t\t<\/div>\n\t\t<div class=\"elementor-element elementor-element-1b47f36 e-flex e-con-boxed e-con e-parent\" data-id=\"1b47f36\" data-element_type=\"container\" data-e-type=\"container\">\n\t\t\t\t\t<div class=\"e-con-inner\">\n\t\t<div class=\"elementor-element elementor-element-8cca3dc e-con-full e-flex e-con e-child\" data-id=\"8cca3dc\" data-element_type=\"container\" data-e-type=\"container\">\n\t\t\t\t<div class=\"elementor-element elementor-element-476eb7a elementor-widget elementor-widget-text-editor\" data-id=\"476eb7a\" data-element_type=\"widget\" data-e-type=\"widget\" data-widget_type=\"text-editor.default\">\n\t\t\t\t\t\t\t\t\t<p>De la s\u00e9lection des grains \u00e0 la production de la farine, nous avons parcouru un long chemin pour obtenir des farines de la plus haute qualit\u00e9 qui peuvent garantir la production de pizzas sup\u00e9rieures, gr\u00e2ce \u00e0 une recherche constante, \u00e0 l&rsquo;innovation et \u00e0 des mati\u00e8res premi\u00e8res trait\u00e9es avec les technologies les plus avanc\u00e9es.<\/p>\t\t\t\t\t\t\t\t<\/div>\n\t\t\t\t<\/div>\n\t\t\t\t\t<\/div>\n\t\t\t\t<\/div>\n\t\t<div class=\"elementor-element elementor-element-d4b15c3 e-flex e-con-boxed e-con e-parent\" data-id=\"d4b15c3\" data-element_type=\"container\" data-e-type=\"container\">\n\t\t\t\t\t<div class=\"e-con-inner\">\n\t\t<div class=\"elementor-element elementor-element-9e45eb7 e-con-full e-flex e-con e-child\" data-id=\"9e45eb7\" data-element_type=\"container\" data-e-type=\"container\" data-settings=\"{&quot;background_background&quot;:&quot;classic&quot;}\">\n\t\t\t\t<div class=\"elementor-element elementor-element-b140ffe elementor-widget elementor-widget-heading\" data-id=\"b140ffe\" data-element_type=\"widget\" data-e-type=\"widget\" data-widget_type=\"heading.default\">\n\t\t\t\t\t<h2 class=\"elementor-heading-title elementor-size-default\">96<\/h2>\t\t\t\t<\/div>\n\t\t\t\t<div class=\"elementor-element elementor-element-d0ac9bf elementor-widget__width-initial elementor-widget elementor-widget-heading\" data-id=\"d0ac9bf\" data-element_type=\"widget\" data-e-type=\"widget\" data-widget_type=\"heading.default\">\n\t\t\t\t\t<h3 class=\"elementor-heading-title elementor-size-default\">Pays du monde entier<br>o\u00f9 les 5 Saisons<br>sont pr\u00e9sentes<\/h3>\t\t\t\t<\/div>\n\t\t\t\t<\/div>\n\t\t<div class=\"elementor-element elementor-element-cea89a0 e-con-full e-flex e-con e-child\" data-id=\"cea89a0\" data-element_type=\"container\" data-e-type=\"container\" data-settings=\"{&quot;background_background&quot;:&quot;classic&quot;}\">\n\t\t\t\t<div class=\"elementor-element elementor-element-6415ec0 elementor-widget elementor-widget-heading\" data-id=\"6415ec0\" data-element_type=\"widget\" data-e-type=\"widget\" data-widget_type=\"heading.default\">\n\t\t\t\t\t<h2 class=\"elementor-heading-title elementor-size-default\">1\u00b0<\/h2>\t\t\t\t<\/div>\n\t\t\t\t<div class=\"elementor-element elementor-element-9b67bf4 elementor-widget__width-initial elementor-widget elementor-widget-heading\" data-id=\"9b67bf4\" data-element_type=\"widget\" data-e-type=\"widget\" data-widget_type=\"heading.default\">\n\t\t\t\t\t<h3 class=\"elementor-heading-title elementor-size-default\">Brevet de broyage\nInt\u00e9gr\u00e9<\/h3>\t\t\t\t<\/div>\n\t\t\t\t<\/div>\n\t\t\t\t\t<\/div>\n\t\t\t\t<\/div>\n\t\t<div class=\"elementor-element elementor-element-2fc5d74 e-flex e-con-boxed e-con e-parent\" data-id=\"2fc5d74\" data-element_type=\"container\" data-e-type=\"container\">\n\t\t\t\t\t<div class=\"e-con-inner\">\n\t\t<div class=\"elementor-element elementor-element-4c308a2 e-con-full e-flex e-con e-child\" data-id=\"4c308a2\" data-element_type=\"container\" data-e-type=\"container\" data-settings=\"{&quot;background_background&quot;:&quot;classic&quot;}\">\n\t\t\t\t<div class=\"elementor-element elementor-element-ff9accb elementor-widget elementor-widget-heading\" data-id=\"ff9accb\" data-element_type=\"widget\" data-e-type=\"widget\" data-widget_type=\"heading.default\">\n\t\t\t\t\t<h2 class=\"elementor-heading-title elementor-size-default\">1\u00b0<\/h2>\t\t\t\t<\/div>\n\t\t\t\t<div class=\"elementor-element elementor-element-a066ccb elementor-widget__width-initial elementor-widget elementor-widget-heading\" data-id=\"a066ccb\" data-element_type=\"widget\" data-e-type=\"widget\" data-widget_type=\"heading.default\">\n\t\t\t\t\t<h3 class=\"elementor-heading-title elementor-size-default\">Soci\u00e9t\u00e9 de production de levure m\u00e8re<\/h3>\t\t\t\t<\/div>\n\t\t\t\t<\/div>\n\t\t<div class=\"elementor-element elementor-element-fedc980 e-con-full e-flex e-con e-child\" data-id=\"fedc980\" data-element_type=\"container\" data-e-type=\"container\" data-settings=\"{&quot;background_background&quot;:&quot;classic&quot;}\">\n\t\t\t\t<div class=\"elementor-element elementor-element-fd718b2 elementor-widget elementor-widget-heading\" data-id=\"fd718b2\" data-element_type=\"widget\" data-e-type=\"widget\" data-widget_type=\"heading.default\">\n\t\t\t\t\t<h2 class=\"elementor-heading-title elementor-size-default\">1\u00b0<\/h2>\t\t\t\t<\/div>\n\t\t\t\t<div class=\"elementor-element elementor-element-f95eaa4 elementor-widget__width-initial elementor-widget elementor-widget-heading\" data-id=\"f95eaa4\" data-element_type=\"widget\" data-e-type=\"widget\" data-widget_type=\"heading.default\">\n\t\t\t\t\t<h3 class=\"elementor-heading-title elementor-size-default\">Marque de farines d\u00e9di\u00e9e \u00e0 la Pizzeria<\/h3>\t\t\t\t<\/div>\n\t\t\t\t<\/div>\n\t\t\t\t\t<\/div>\n\t\t\t\t<\/div>\n\t\t<div class=\"elementor-element elementor-element-f6c40b8 e-flex e-con-boxed e-con e-parent\" data-id=\"f6c40b8\" data-element_type=\"container\" data-e-type=\"container\">\n\t\t\t\t\t<div class=\"e-con-inner\">\n\t\t<div class=\"elementor-element elementor-element-95b49ca e-con-full e-flex e-con e-child\" data-id=\"95b49ca\" data-element_type=\"container\" data-e-type=\"container\" data-settings=\"{&quot;background_background&quot;:&quot;classic&quot;}\">\n\t\t\t\t<div class=\"elementor-element elementor-element-ec33eae elementor-widget elementor-widget-heading\" data-id=\"ec33eae\" data-element_type=\"widget\" data-e-type=\"widget\" data-widget_type=\"heading.default\">\n\t\t\t\t\t<h2 class=\"elementor-heading-title elementor-size-default\">100%<\/h2>\t\t\t\t<\/div>\n\t\t\t\t<div class=\"elementor-element elementor-element-840dcc3 elementor-widget__width-initial elementor-widget elementor-widget-heading\" data-id=\"840dcc3\" data-element_type=\"widget\" data-e-type=\"widget\" data-widget_type=\"heading.default\">\n\t\t\t\t\t<h3 class=\"elementor-heading-title elementor-size-default\">\u00c9nergie provenant de sources renouvelables.\nPapier certifi\u00e9 FSC dans les processus d'ensachage.\nCO\u2082 absorb\u00e9 par la for\u00eat de Molino.<\/h3>\t\t\t\t<\/div>\n\t\t\t\t<\/div>\n\t\t\t\t\t<\/div>\n\t\t\t\t<\/div>\n\t\t<div class=\"elementor-element elementor-element-6e258ca e-flex e-con-boxed e-con e-parent\" data-id=\"6e258ca\" data-element_type=\"container\" data-e-type=\"container\">\n\t\t\t\t\t<div class=\"e-con-inner\">\n\t\t<div class=\"elementor-element elementor-element-af56cf1 e-con-full e-flex e-con e-child\" data-id=\"af56cf1\" data-element_type=\"container\" data-e-type=\"container\" data-settings=\"{&quot;background_background&quot;:&quot;classic&quot;}\">\n\t\t\t\t<div class=\"elementor-element elementor-element-aa4f61a elementor-widget elementor-widget-heading\" data-id=\"aa4f61a\" data-element_type=\"widget\" data-e-type=\"widget\" data-widget_type=\"heading.default\">\n\t\t\t\t\t<h2 class=\"elementor-heading-title elementor-size-default\">UNE FARINE RESPECTUEUSE DE L'ENVIRONNEMENT <br><br> <\/h2>\t\t\t\t<\/div>\n\t\t\t\t<div class=\"elementor-element elementor-element-981f758 elementor-widget__width-initial elementor-widget elementor-widget-heading\" data-id=\"981f758\" data-element_type=\"widget\" data-e-type=\"widget\" data-widget_type=\"heading.default\">\n\t\t\t\t\t<h3 class=\"elementor-heading-title elementor-size-default\">Nous croyons au d\u00e9veloppement durable, c'est pourquoi nos farines sont produites avec de l'\u00e9nergie provenant exclusivement de sources renouvelables et que nous nous effor\u00e7ons chaque jour d'am\u00e9liorer notre impact sur l'environnement.<\/h3>\t\t\t\t<\/div>\n\t\t\t\t<\/div>\n\t\t\t\t\t<\/div>\n\t\t\t\t<\/div>\n\t\t<div class=\"elementor-element elementor-element-ab37356 e-flex e-con-boxed e-con e-parent\" data-id=\"ab37356\" data-element_type=\"container\" data-e-type=\"container\">\n\t\t\t\t\t<div class=\"e-con-inner\">\n\t\t<div class=\"elementor-element elementor-element-6fe4eeb e-con-full e-flex e-con e-child\" data-id=\"6fe4eeb\" data-element_type=\"container\" data-e-type=\"container\" data-settings=\"{&quot;background_background&quot;:&quot;classic&quot;}\">\n\t\t\t\t<div class=\"elementor-element elementor-element-6e64369 elementor-widget elementor-widget-heading\" data-id=\"6e64369\" data-element_type=\"widget\" data-e-type=\"widget\" data-widget_type=\"heading.default\">\n\t\t\t\t\t<h2 class=\"elementor-heading-title elementor-size-default\">LES SUP\u00c9RIEURS HI\u00c9RARCHIQUES SONT \u00c9GALEMENT<br> DANS LE CONTR\u00d4LE DE LA QUALIT\u00c9<br> <\/h2>\t\t\t\t<\/div>\n\t\t\t\t<div class=\"elementor-element elementor-element-5e358ea elementor-widget__width-initial elementor-widget elementor-widget-heading\" data-id=\"5e358ea\" data-element_type=\"widget\" data-e-type=\"widget\" data-widget_type=\"heading.default\">\n\t\t\t\t\t<h3 class=\"elementor-heading-title elementor-size-default\">Nos farines sont obtenues en s\u00e9lectionnant des grains provenant des meilleures cultures d'Italie et du monde entier. Chaque \u00e9tape, de la r\u00e9colte \u00e0 la mouture, est soumise \u00e0 des contr\u00f4les de qualit\u00e9 rigoureux afin d'offrir un produit sain pr\u00e9sentant les meilleures caract\u00e9ristiques des grains s\u00e9lectionn\u00e9s. <\/h3>\t\t\t\t<\/div>\n\t\t\t\t<\/div>\n\t\t\t\t\t<\/div>\n\t\t\t\t<\/div>\n\t\t<div class=\"elementor-element elementor-element-b4dbd61 e-flex e-con-boxed e-con e-parent\" data-id=\"b4dbd61\" data-element_type=\"container\" data-e-type=\"container\">\n\t\t\t\t\t<div class=\"e-con-inner\">\n\t\t<div class=\"elementor-element elementor-element-14fea95 e-con-full e-flex e-con e-child\" data-id=\"14fea95\" data-element_type=\"container\" data-e-type=\"container\" data-settings=\"{&quot;background_background&quot;:&quot;classic&quot;}\">\n\t\t\t\t<div class=\"elementor-element elementor-element-6fa741c elementor-widget elementor-widget-heading\" data-id=\"6fa741c\" data-element_type=\"widget\" data-e-type=\"widget\" data-widget_type=\"heading.default\">\n\t\t\t\t\t<h2 class=\"elementor-heading-title elementor-size-default\">LA MEILLEURE PIZZA <br>N\u00c9CESSITE DE BONNES FARINES <br><\/h2>\t\t\t\t<\/div>\n\t\t\t\t<div class=\"elementor-element elementor-element-11550b8 elementor-widget__width-initial elementor-widget elementor-widget-heading\" data-id=\"11550b8\" data-element_type=\"widget\" data-e-type=\"widget\" data-widget_type=\"heading.default\">\n\t\t\t\t\t<h3 class=\"elementor-heading-title elementor-size-default\">Les farines Le 5 Stagioni sont con\u00e7ues et cr\u00e9\u00e9es pour s'adapter aux diff\u00e9rents besoins des professionnels. Nous travaillons chaque jour pour offrir des farines qui peuvent rendre la pizza meilleure et plus savoureuse et donner aux pizza\u00efolos la possibilit\u00e9 d'exp\u00e9rimenter. <\/h3>\t\t\t\t<\/div>\n\t\t\t\t<\/div>\n\t\t\t\t\t<\/div>\n\t\t\t\t<\/div>\n\t\t<div class=\"elementor-element elementor-element-1c693e7 e-flex e-con-boxed e-con e-parent\" data-id=\"1c693e7\" data-element_type=\"container\" data-e-type=\"container\">\n\t\t\t\t\t<div class=\"e-con-inner\">\n\t\t<div class=\"elementor-element elementor-element-4f2a87d e-con-full e-flex e-con e-child\" data-id=\"4f2a87d\" data-element_type=\"container\" data-e-type=\"container\">\n\t\t\t\t<div class=\"elementor-element elementor-element-2cef1a1 arrow-button-container elementor-widget elementor-widget-button\" data-id=\"2cef1a1\" data-element_type=\"widget\" data-e-type=\"widget\" data-widget_type=\"button.default\">\n\t\t\t\t\t\t\t\t\t\t<a class=\"elementor-button elementor-button-link elementor-size-sm\" href=\"\/prodotto\">\n\t\t\t\t\t\t<span class=\"elementor-button-content-wrapper\">\n\t\t\t\t\t\t\t\t\t<span class=\"elementor-button-text\">Toutes les farines<\/span>\n\t\t\t\t\t<\/span>\n\t\t\t\t\t<\/a>\n\t\t\t\t\t\t\t\t<\/div>\n\t\t\t\t<\/div>\n\t\t\t\t\t<\/div>\n\t\t\t\t<\/div>\n\t\t\t\t<\/div>\n\t\t","protected":false},"excerpt":{"rendered":"<p>Tradition et innovation pour vos pizzas De la s\u00e9lection des grains \u00e0 la production de la farine, nous avons parcouru un long chemin pour obtenir [&hellip;]<\/p>\n","protected":false},"author":1,"featured_media":0,"parent":0,"menu_order":0,"comment_status":"closed","ping_status":"closed","template":"","meta":{"_acf_changed":false,"footnotes":""},"class_list":["post-3321","page","type-page","status-publish","hentry"],"acf":[],"yoast_head":"<!-- This site is optimized with the Yoast SEO plugin v27.5 - https:\/\/yoast.com\/product\/yoast-seo-wordpress\/ -->\n<title>A propos de nous - Le 5 Stagioni<\/title>\n<meta name=\"robots\" content=\"index, follow, max-snippet:-1, max-image-preview:large, max-video-preview:-1\" \/>\n<link rel=\"canonical\" href=\"https:\/\/le5stagioni.com\/fr\/a-propos-de-nous\/\" \/>\n<meta property=\"og:locale\" content=\"fr_FR\" \/>\n<meta property=\"og:type\" content=\"article\" \/>\n<meta property=\"og:title\" content=\"A propos de nous - Le 5 Stagioni\" \/>\n<meta property=\"og:description\" content=\"Tradition et innovation pour vos pizzas De la s\u00e9lection des grains \u00e0 la production de la farine, nous avons parcouru un long chemin pour obtenir [&hellip;]\" \/>\n<meta property=\"og:url\" content=\"https:\/\/le5stagioni.com\/fr\/a-propos-de-nous\/\" \/>\n<meta property=\"og:site_name\" content=\"Le 5 Stagioni\" \/>\n<meta property=\"article:publisher\" content=\"https:\/\/www.facebook.com\/lesinfonie\" \/>\n<meta property=\"article:modified_time\" content=\"2025-04-03T10:28:36+00:00\" \/>\n<meta name=\"twitter:card\" content=\"summary_large_image\" \/>\n<meta name=\"twitter:label1\" content=\"Dur\u00e9e de lecture estim\u00e9e\" \/>\n\t<meta name=\"twitter:data1\" content=\"1 minute\" \/>\n<script type=\"application\/ld+json\" class=\"yoast-schema-graph\">{\"@context\":\"https:\\\/\\\/schema.org\",\"@graph\":[{\"@type\":\"WebPage\",\"@id\":\"https:\\\/\\\/le5stagioni.com\\\/fr\\\/a-propos-de-nous\\\/\",\"url\":\"https:\\\/\\\/le5stagioni.com\\\/fr\\\/a-propos-de-nous\\\/\",\"name\":\"A propos de nous - Le 5 Stagioni\",\"isPartOf\":{\"@id\":\"https:\\\/\\\/le5stagioni.com\\\/fr\\\/#website\"},\"datePublished\":\"2025-01-04T15:17:44+00:00\",\"dateModified\":\"2025-04-03T10:28:36+00:00\",\"breadcrumb\":{\"@id\":\"https:\\\/\\\/le5stagioni.com\\\/fr\\\/a-propos-de-nous\\\/#breadcrumb\"},\"inLanguage\":\"fr-FR\",\"potentialAction\":[{\"@type\":\"ReadAction\",\"target\":[\"https:\\\/\\\/le5stagioni.com\\\/fr\\\/a-propos-de-nous\\\/\"]}]},{\"@type\":\"BreadcrumbList\",\"@id\":\"https:\\\/\\\/le5stagioni.com\\\/fr\\\/a-propos-de-nous\\\/#breadcrumb\",\"itemListElement\":[{\"@type\":\"ListItem\",\"position\":1,\"name\":\"Home\",\"item\":\"https:\\\/\\\/le5stagioni.com\\\/fr\\\/\"},{\"@type\":\"ListItem\",\"position\":2,\"name\":\"A propos de nous\"}]},{\"@type\":\"WebSite\",\"@id\":\"https:\\\/\\\/le5stagioni.com\\\/fr\\\/#website\",\"url\":\"https:\\\/\\\/le5stagioni.com\\\/fr\\\/\",\"name\":\"Le Sinfonie\",\"description\":\"\",\"publisher\":{\"@id\":\"https:\\\/\\\/le5stagioni.com\\\/fr\\\/#organization\"},\"potentialAction\":[{\"@type\":\"SearchAction\",\"target\":{\"@type\":\"EntryPoint\",\"urlTemplate\":\"https:\\\/\\\/le5stagioni.com\\\/fr\\\/?s={search_term_string}\"},\"query-input\":{\"@type\":\"PropertyValueSpecification\",\"valueRequired\":true,\"valueName\":\"search_term_string\"}}],\"inLanguage\":\"fr-FR\"},{\"@type\":\"Organization\",\"@id\":\"https:\\\/\\\/le5stagioni.com\\\/fr\\\/#organization\",\"name\":\"Le Sinfonie\",\"url\":\"https:\\\/\\\/le5stagioni.com\\\/fr\\\/\",\"logo\":{\"@type\":\"ImageObject\",\"inLanguage\":\"fr-FR\",\"@id\":\"https:\\\/\\\/le5stagioni.com\\\/fr\\\/#\\\/schema\\\/logo\\\/image\\\/\",\"url\":\"https:\\\/\\\/le5stagioni.com\\\/wp-content\\\/uploads\\\/2024\\\/12\\\/Le5Stagioni_logo.svg\",\"contentUrl\":\"https:\\\/\\\/le5stagioni.com\\\/wp-content\\\/uploads\\\/2024\\\/12\\\/Le5Stagioni_logo.svg\",\"width\":203,\"height\":117,\"caption\":\"Le Sinfonie\"},\"image\":{\"@id\":\"https:\\\/\\\/le5stagioni.com\\\/fr\\\/#\\\/schema\\\/logo\\\/image\\\/\"},\"sameAs\":[\"https:\\\/\\\/www.facebook.com\\\/lesinfonie\",\"https:\\\/\\\/www.instagram.com\\\/lesinfonie\\\/#\"]}]}<\/script>\n<!-- \/ Yoast SEO plugin. -->","yoast_head_json":{"title":"A propos de nous - Le 5 Stagioni","robots":{"index":"index","follow":"follow","max-snippet":"max-snippet:-1","max-image-preview":"max-image-preview:large","max-video-preview":"max-video-preview:-1"},"canonical":"https:\/\/le5stagioni.com\/fr\/a-propos-de-nous\/","og_locale":"fr_FR","og_type":"article","og_title":"A propos de nous - Le 5 Stagioni","og_description":"Tradition et innovation pour vos pizzas De la s\u00e9lection des grains \u00e0 la production de la farine, nous avons parcouru un long chemin pour obtenir [&hellip;]","og_url":"https:\/\/le5stagioni.com\/fr\/a-propos-de-nous\/","og_site_name":"Le 5 Stagioni","article_publisher":"https:\/\/www.facebook.com\/lesinfonie","article_modified_time":"2025-04-03T10:28:36+00:00","twitter_card":"summary_large_image","twitter_misc":{"Dur\u00e9e de lecture estim\u00e9e":"1 minute"},"schema":{"@context":"https:\/\/schema.org","@graph":[{"@type":"WebPage","@id":"https:\/\/le5stagioni.com\/fr\/a-propos-de-nous\/","url":"https:\/\/le5stagioni.com\/fr\/a-propos-de-nous\/","name":"A propos de nous - Le 5 Stagioni","isPartOf":{"@id":"https:\/\/le5stagioni.com\/fr\/#website"},"datePublished":"2025-01-04T15:17:44+00:00","dateModified":"2025-04-03T10:28:36+00:00","breadcrumb":{"@id":"https:\/\/le5stagioni.com\/fr\/a-propos-de-nous\/#breadcrumb"},"inLanguage":"fr-FR","potentialAction":[{"@type":"ReadAction","target":["https:\/\/le5stagioni.com\/fr\/a-propos-de-nous\/"]}]},{"@type":"BreadcrumbList","@id":"https:\/\/le5stagioni.com\/fr\/a-propos-de-nous\/#breadcrumb","itemListElement":[{"@type":"ListItem","position":1,"name":"Home","item":"https:\/\/le5stagioni.com\/fr\/"},{"@type":"ListItem","position":2,"name":"A propos de nous"}]},{"@type":"WebSite","@id":"https:\/\/le5stagioni.com\/fr\/#website","url":"https:\/\/le5stagioni.com\/fr\/","name":"Le Sinfonie","description":"","publisher":{"@id":"https:\/\/le5stagioni.com\/fr\/#organization"},"potentialAction":[{"@type":"SearchAction","target":{"@type":"EntryPoint","urlTemplate":"https:\/\/le5stagioni.com\/fr\/?s={search_term_string}"},"query-input":{"@type":"PropertyValueSpecification","valueRequired":true,"valueName":"search_term_string"}}],"inLanguage":"fr-FR"},{"@type":"Organization","@id":"https:\/\/le5stagioni.com\/fr\/#organization","name":"Le Sinfonie","url":"https:\/\/le5stagioni.com\/fr\/","logo":{"@type":"ImageObject","inLanguage":"fr-FR","@id":"https:\/\/le5stagioni.com\/fr\/#\/schema\/logo\/image\/","url":"https:\/\/le5stagioni.com\/wp-content\/uploads\/2024\/12\/Le5Stagioni_logo.svg","contentUrl":"https:\/\/le5stagioni.com\/wp-content\/uploads\/2024\/12\/Le5Stagioni_logo.svg","width":203,"height":117,"caption":"Le Sinfonie"},"image":{"@id":"https:\/\/le5stagioni.com\/fr\/#\/schema\/logo\/image\/"},"sameAs":["https:\/\/www.facebook.com\/lesinfonie","https:\/\/www.instagram.com\/lesinfonie\/#"]}]}},"_links":{"self":[{"href":"https:\/\/le5stagioni.com\/fr\/wp-json\/wp\/v2\/pages\/3321","targetHints":{"allow":["GET"]}}],"collection":[{"href":"https:\/\/le5stagioni.com\/fr\/wp-json\/wp\/v2\/pages"}],"about":[{"href":"https:\/\/le5stagioni.com\/fr\/wp-json\/wp\/v2\/types\/page"}],"author":[{"embeddable":true,"href":"https:\/\/le5stagioni.com\/fr\/wp-json\/wp\/v2\/users\/1"}],"replies":[{"embeddable":true,"href":"https:\/\/le5stagioni.com\/fr\/wp-json\/wp\/v2\/comments?post=3321"}],"version-history":[{"count":2,"href":"https:\/\/le5stagioni.com\/fr\/wp-json\/wp\/v2\/pages\/3321\/revisions"}],"predecessor-version":[{"id":6641,"href":"https:\/\/le5stagioni.com\/fr\/wp-json\/wp\/v2\/pages\/3321\/revisions\/6641"}],"wp:attachment":[{"href":"https:\/\/le5stagioni.com\/fr\/wp-json\/wp\/v2\/media?parent=3321"}],"curies":[{"name":"wp","href":"https:\/\/api.w.org\/{rel}","templated":true}]}}