{"id":3323,"date":"2025-01-04T16:17:44","date_gmt":"2025-01-04T15:17:44","guid":{"rendered":"https:\/\/le5stagioni.com\/sobre-nosotros\/"},"modified":"2025-04-03T12:28:37","modified_gmt":"2025-04-03T10:28:37","slug":"sobre-nosotros","status":"publish","type":"page","link":"https:\/\/le5stagioni.com\/es\/sobre-nosotros\/","title":{"rendered":"Sobre nosotros"},"content":{"rendered":"\t\t<div data-elementor-type=\"wp-page\" data-elementor-id=\"3323\" class=\"elementor elementor-3323 elementor-2051\" data-elementor-post-type=\"page\">\n\t\t\t\t<div class=\"elementor-element elementor-element-31d0e32b e-flex e-con-boxed e-con e-parent\" data-id=\"31d0e32b\" data-element_type=\"container\" data-e-type=\"container\" data-settings=\"{&quot;background_background&quot;:&quot;video&quot;,&quot;background_video_link&quot;:&quot;https:\\\/\\\/le5stagioni.com\\\/wp-content\\\/uploads\\\/2025\\\/03\\\/video-le5s.mp4&quot;,&quot;background_play_on_mobile&quot;:&quot;yes&quot;}\">\n\t\t\t\t\t<div class=\"e-con-inner\">\n\t\t<div class=\"elementor-background-video-container\">\n\t\t\t\t\t\t\t<video class=\"elementor-background-video-hosted\" role=\"presentation\" autoplay muted playsinline loop><\/video>\n\t\t\t\t\t<\/div>\t\t<div class=\"elementor-element elementor-element-4fc23e8b elementor-widget elementor-widget-heading\" data-id=\"4fc23e8b\" data-element_type=\"widget\" data-e-type=\"widget\" data-widget_type=\"heading.default\">\n\t\t\t\t\t<h1 class=\"elementor-heading-title elementor-size-default\">Sobre nosotros<\/h1>\t\t\t\t<\/div>\n\t\t\t\t\t<\/div>\n\t\t\t\t<\/div>\n\t\t<div class=\"elementor-element elementor-element-fa8c2f3 e-flex e-con-boxed e-con e-parent\" data-id=\"fa8c2f3\" data-element_type=\"container\" data-e-type=\"container\">\n\t\t\t\t\t<div class=\"e-con-inner\">\n\t\t<div class=\"elementor-element elementor-element-d5d5d13 e-con-full e-flex e-con e-child\" data-id=\"d5d5d13\" data-element_type=\"container\" data-e-type=\"container\">\n\t\t\t\t<\/div>\n\t\t<div class=\"elementor-element elementor-element-b806001 e-con-full e-flex e-con e-child\" data-id=\"b806001\" data-element_type=\"container\" data-e-type=\"container\">\n\t\t\t\t<div class=\"elementor-element elementor-element-05c59ca elementor-widget elementor-widget-heading\" data-id=\"05c59ca\" data-element_type=\"widget\" data-e-type=\"widget\" data-widget_type=\"heading.default\">\n\t\t\t\t\t<h2 class=\"elementor-heading-title elementor-size-default\">Tradici\u00f3n e innovaci\u00f3n\npara tus <span class=\"display-accent\">pizzas<\/span><\/h2>\t\t\t\t<\/div>\n\t\t\t\t<\/div>\n\t\t<div class=\"elementor-element elementor-element-41aabd1 e-con-full e-flex e-con e-child\" data-id=\"41aabd1\" data-element_type=\"container\" data-e-type=\"container\">\n\t\t\t\t<\/div>\n\t\t\t\t\t<\/div>\n\t\t\t\t<\/div>\n\t\t<div class=\"elementor-element elementor-element-1b47f36 e-flex e-con-boxed e-con e-parent\" data-id=\"1b47f36\" data-element_type=\"container\" data-e-type=\"container\">\n\t\t\t\t\t<div class=\"e-con-inner\">\n\t\t<div class=\"elementor-element elementor-element-8cca3dc e-con-full e-flex e-con e-child\" data-id=\"8cca3dc\" data-element_type=\"container\" data-e-type=\"container\">\n\t\t\t\t<div class=\"elementor-element elementor-element-476eb7a elementor-widget elementor-widget-text-editor\" data-id=\"476eb7a\" data-element_type=\"widget\" data-e-type=\"widget\" data-widget_type=\"text-editor.default\">\n\t\t\t\t\t\t\t\t\t<p>Desde la selecci\u00f3n de los granos hasta la producci\u00f3n de la harina, hemos recorrido un largo camino para obtener las harinas de mayor calidad que puedan garantizar la producci\u00f3n de pizzas superiores, gracias a la investigaci\u00f3n constante, la innovaci\u00f3n y las materias primas procesadas con las tecnolog\u00edas m\u00e1s avanzadas.<\/p>\t\t\t\t\t\t\t\t<\/div>\n\t\t\t\t<\/div>\n\t\t\t\t\t<\/div>\n\t\t\t\t<\/div>\n\t\t<div class=\"elementor-element elementor-element-d4b15c3 e-flex e-con-boxed e-con e-parent\" data-id=\"d4b15c3\" data-element_type=\"container\" data-e-type=\"container\">\n\t\t\t\t\t<div class=\"e-con-inner\">\n\t\t<div class=\"elementor-element elementor-element-9e45eb7 e-con-full e-flex e-con e-child\" data-id=\"9e45eb7\" data-element_type=\"container\" data-e-type=\"container\" data-settings=\"{&quot;background_background&quot;:&quot;classic&quot;}\">\n\t\t\t\t<div class=\"elementor-element elementor-element-b140ffe elementor-widget elementor-widget-heading\" data-id=\"b140ffe\" data-element_type=\"widget\" data-e-type=\"widget\" data-widget_type=\"heading.default\">\n\t\t\t\t\t<h2 class=\"elementor-heading-title elementor-size-default\">96<\/h2>\t\t\t\t<\/div>\n\t\t\t\t<div class=\"elementor-element elementor-element-d0ac9bf elementor-widget__width-initial elementor-widget elementor-widget-heading\" data-id=\"d0ac9bf\" data-element_type=\"widget\" data-e-type=\"widget\" data-widget_type=\"heading.default\">\n\t\t\t\t\t<h3 class=\"elementor-heading-title elementor-size-default\">Pa\u00edses de todo el mundo en<br>donde est\u00e1 presente Las 5 Estaciones<br><\/h3>\t\t\t\t<\/div>\n\t\t\t\t<\/div>\n\t\t<div class=\"elementor-element elementor-element-cea89a0 e-con-full e-flex e-con e-child\" data-id=\"cea89a0\" data-element_type=\"container\" data-e-type=\"container\" data-settings=\"{&quot;background_background&quot;:&quot;classic&quot;}\">\n\t\t\t\t<div class=\"elementor-element elementor-element-6415ec0 elementor-widget elementor-widget-heading\" data-id=\"6415ec0\" data-element_type=\"widget\" data-e-type=\"widget\" data-widget_type=\"heading.default\">\n\t\t\t\t\t<h2 class=\"elementor-heading-title elementor-size-default\">1\u00b0<\/h2>\t\t\t\t<\/div>\n\t\t\t\t<div class=\"elementor-element elementor-element-9b67bf4 elementor-widget__width-initial elementor-widget elementor-widget-heading\" data-id=\"9b67bf4\" data-element_type=\"widget\" data-e-type=\"widget\" data-widget_type=\"heading.default\">\n\t\t\t\t\t<h3 class=\"elementor-heading-title elementor-size-default\">Patente Rectificado\nIntegrado<\/h3>\t\t\t\t<\/div>\n\t\t\t\t<\/div>\n\t\t\t\t\t<\/div>\n\t\t\t\t<\/div>\n\t\t<div class=\"elementor-element elementor-element-2fc5d74 e-flex e-con-boxed e-con e-parent\" data-id=\"2fc5d74\" data-element_type=\"container\" data-e-type=\"container\">\n\t\t\t\t\t<div class=\"e-con-inner\">\n\t\t<div class=\"elementor-element elementor-element-4c308a2 e-con-full e-flex e-con e-child\" data-id=\"4c308a2\" data-element_type=\"container\" data-e-type=\"container\" data-settings=\"{&quot;background_background&quot;:&quot;classic&quot;}\">\n\t\t\t\t<div class=\"elementor-element elementor-element-ff9accb elementor-widget elementor-widget-heading\" data-id=\"ff9accb\" data-element_type=\"widget\" data-e-type=\"widget\" data-widget_type=\"heading.default\">\n\t\t\t\t\t<h2 class=\"elementor-heading-title elementor-size-default\">1\u00b0<\/h2>\t\t\t\t<\/div>\n\t\t\t\t<div class=\"elementor-element elementor-element-a066ccb elementor-widget__width-initial elementor-widget elementor-widget-heading\" data-id=\"a066ccb\" data-element_type=\"widget\" data-e-type=\"widget\" data-widget_type=\"heading.default\">\n\t\t\t\t\t<h3 class=\"elementor-heading-title elementor-size-default\">Empresa de producci\u00f3n de levadura madre<\/h3>\t\t\t\t<\/div>\n\t\t\t\t<\/div>\n\t\t<div class=\"elementor-element elementor-element-fedc980 e-con-full e-flex e-con e-child\" data-id=\"fedc980\" data-element_type=\"container\" data-e-type=\"container\" data-settings=\"{&quot;background_background&quot;:&quot;classic&quot;}\">\n\t\t\t\t<div class=\"elementor-element elementor-element-fd718b2 elementor-widget elementor-widget-heading\" data-id=\"fd718b2\" data-element_type=\"widget\" data-e-type=\"widget\" data-widget_type=\"heading.default\">\n\t\t\t\t\t<h2 class=\"elementor-heading-title elementor-size-default\">1\u00b0<\/h2>\t\t\t\t<\/div>\n\t\t\t\t<div class=\"elementor-element elementor-element-f95eaa4 elementor-widget__width-initial elementor-widget elementor-widget-heading\" data-id=\"f95eaa4\" data-element_type=\"widget\" data-e-type=\"widget\" data-widget_type=\"heading.default\">\n\t\t\t\t\t<h3 class=\"elementor-heading-title elementor-size-default\">Marca de harinas dedicada a la Pizzer\u00eda<\/h3>\t\t\t\t<\/div>\n\t\t\t\t<\/div>\n\t\t\t\t\t<\/div>\n\t\t\t\t<\/div>\n\t\t<div class=\"elementor-element elementor-element-f6c40b8 e-flex e-con-boxed e-con e-parent\" data-id=\"f6c40b8\" data-element_type=\"container\" data-e-type=\"container\">\n\t\t\t\t\t<div class=\"e-con-inner\">\n\t\t<div class=\"elementor-element elementor-element-95b49ca e-con-full e-flex e-con e-child\" data-id=\"95b49ca\" data-element_type=\"container\" data-e-type=\"container\" data-settings=\"{&quot;background_background&quot;:&quot;classic&quot;}\">\n\t\t\t\t<div class=\"elementor-element elementor-element-ec33eae elementor-widget elementor-widget-heading\" data-id=\"ec33eae\" data-element_type=\"widget\" data-e-type=\"widget\" data-widget_type=\"heading.default\">\n\t\t\t\t\t<h2 class=\"elementor-heading-title elementor-size-default\">100%<\/h2>\t\t\t\t<\/div>\n\t\t\t\t<div class=\"elementor-element elementor-element-840dcc3 elementor-widget__width-initial elementor-widget elementor-widget-heading\" data-id=\"840dcc3\" data-element_type=\"widget\" data-e-type=\"widget\" data-widget_type=\"heading.default\">\n\t\t\t\t\t<h3 class=\"elementor-heading-title elementor-size-default\">Energ\u00eda procedente de fuentes renovables.\nPapel certificado FSC en los procesos de embolsado.\nCO\u2082 absorbido por el Bosque del Molino.<\/h3>\t\t\t\t<\/div>\n\t\t\t\t<\/div>\n\t\t\t\t\t<\/div>\n\t\t\t\t<\/div>\n\t\t<div class=\"elementor-element elementor-element-6e258ca e-flex e-con-boxed e-con e-parent\" data-id=\"6e258ca\" data-element_type=\"container\" data-e-type=\"container\">\n\t\t\t\t\t<div class=\"e-con-inner\">\n\t\t<div class=\"elementor-element elementor-element-af56cf1 e-con-full e-flex e-con e-child\" data-id=\"af56cf1\" data-element_type=\"container\" data-e-type=\"container\" data-settings=\"{&quot;background_background&quot;:&quot;classic&quot;}\">\n\t\t\t\t<div class=\"elementor-element elementor-element-aa4f61a elementor-widget elementor-widget-heading\" data-id=\"aa4f61a\" data-element_type=\"widget\" data-e-type=\"widget\" data-widget_type=\"heading.default\">\n\t\t\t\t\t<h2 class=\"elementor-heading-title elementor-size-default\">UNA HARINA RESPETUOSA CON EL MEDIO AMBIENTE <br><br> <\/h2>\t\t\t\t<\/div>\n\t\t\t\t<div class=\"elementor-element elementor-element-981f758 elementor-widget__width-initial elementor-widget elementor-widget-heading\" data-id=\"981f758\" data-element_type=\"widget\" data-e-type=\"widget\" data-widget_type=\"heading.default\">\n\t\t\t\t\t<h3 class=\"elementor-heading-title elementor-size-default\">Creemos en el desarrollo sostenible, por eso nuestras harinas se producen utilizando energ\u00eda procedente exclusivamente de fuentes renovables y por eso nos esforzamos cada d\u00eda por mejorar nuestro impacto en el medio ambiente.<\/h3>\t\t\t\t<\/div>\n\t\t\t\t<\/div>\n\t\t\t\t\t<\/div>\n\t\t\t\t<\/div>\n\t\t<div class=\"elementor-element elementor-element-ab37356 e-flex e-con-boxed e-con e-parent\" data-id=\"ab37356\" data-element_type=\"container\" data-e-type=\"container\">\n\t\t\t\t\t<div class=\"e-con-inner\">\n\t\t<div class=\"elementor-element elementor-element-6fe4eeb e-con-full e-flex e-con e-child\" data-id=\"6fe4eeb\" data-element_type=\"container\" data-e-type=\"container\" data-settings=\"{&quot;background_background&quot;:&quot;classic&quot;}\">\n\t\t\t\t<div class=\"elementor-element elementor-element-6e64369 elementor-widget elementor-widget-heading\" data-id=\"6e64369\" data-element_type=\"widget\" data-e-type=\"widget\" data-widget_type=\"heading.default\">\n\t\t\t\t\t<h2 class=\"elementor-heading-title elementor-size-default\">LOS SUPERIORES TAMBI\u00c9N<br> EN EL CONTROL DE CALIDAD<br> <\/h2>\t\t\t\t<\/div>\n\t\t\t\t<div class=\"elementor-element elementor-element-5e358ea elementor-widget__width-initial elementor-widget elementor-widget-heading\" data-id=\"5e358ea\" data-element_type=\"widget\" data-e-type=\"widget\" data-widget_type=\"heading.default\">\n\t\t\t\t\t<h3 class=\"elementor-heading-title elementor-size-default\">Nuestras harinas se obtienen seleccionando granos de los mejores cultivos de Italia y de todo el mundo. Cada paso, desde la cosecha hasta la molienda, se somete a estrictos controles de calidad para ofrecer un producto sano con las mejores caracter\u00edsticas de los granos seleccionados. <\/h3>\t\t\t\t<\/div>\n\t\t\t\t<\/div>\n\t\t\t\t\t<\/div>\n\t\t\t\t<\/div>\n\t\t<div class=\"elementor-element elementor-element-b4dbd61 e-flex e-con-boxed e-con e-parent\" data-id=\"b4dbd61\" data-element_type=\"container\" data-e-type=\"container\">\n\t\t\t\t\t<div class=\"e-con-inner\">\n\t\t<div class=\"elementor-element elementor-element-14fea95 e-con-full e-flex e-con e-child\" data-id=\"14fea95\" data-element_type=\"container\" data-e-type=\"container\" data-settings=\"{&quot;background_background&quot;:&quot;classic&quot;}\">\n\t\t\t\t<div class=\"elementor-element elementor-element-6fa741c elementor-widget elementor-widget-heading\" data-id=\"6fa741c\" data-element_type=\"widget\" data-e-type=\"widget\" data-widget_type=\"heading.default\">\n\t\t\t\t\t<h2 class=\"elementor-heading-title elementor-size-default\">LA MEJOR PIZZA <br>REQUIERE BUENAS HARINAS <br><\/h2>\t\t\t\t<\/div>\n\t\t\t\t<div class=\"elementor-element elementor-element-11550b8 elementor-widget__width-initial elementor-widget elementor-widget-heading\" data-id=\"11550b8\" data-element_type=\"widget\" data-e-type=\"widget\" data-widget_type=\"heading.default\">\n\t\t\t\t\t<h3 class=\"elementor-heading-title elementor-size-default\">Las harinas Le 5 Stagioni est\u00e1n dise\u00f1adas y creadas para adaptarse a las distintas necesidades de los profesionales. Trabajamos cada d\u00eda para ofrecer harinas que puedan hacer que la pizza sea mejor y m\u00e1s sabrosa, y dar a los pizzeros la oportunidad de experimentar. <\/h3>\t\t\t\t<\/div>\n\t\t\t\t<\/div>\n\t\t\t\t\t<\/div>\n\t\t\t\t<\/div>\n\t\t<div class=\"elementor-element elementor-element-1c693e7 e-flex e-con-boxed e-con e-parent\" data-id=\"1c693e7\" data-element_type=\"container\" data-e-type=\"container\">\n\t\t\t\t\t<div class=\"e-con-inner\">\n\t\t<div class=\"elementor-element elementor-element-4f2a87d e-con-full e-flex e-con e-child\" data-id=\"4f2a87d\" data-element_type=\"container\" data-e-type=\"container\">\n\t\t\t\t<div class=\"elementor-element elementor-element-2cef1a1 arrow-button-container elementor-widget elementor-widget-button\" data-id=\"2cef1a1\" data-element_type=\"widget\" data-e-type=\"widget\" data-widget_type=\"button.default\">\n\t\t\t\t\t\t\t\t\t\t<a class=\"elementor-button elementor-button-link elementor-size-sm\" href=\"\/prodotto\">\n\t\t\t\t\t\t<span class=\"elementor-button-content-wrapper\">\n\t\t\t\t\t\t\t\t\t<span class=\"elementor-button-text\">Todas las harinas<\/span>\n\t\t\t\t\t<\/span>\n\t\t\t\t\t<\/a>\n\t\t\t\t\t\t\t\t<\/div>\n\t\t\t\t<\/div>\n\t\t\t\t\t<\/div>\n\t\t\t\t<\/div>\n\t\t\t\t<\/div>\n\t\t","protected":false},"excerpt":{"rendered":"<p>Tradici\u00f3n e innovaci\u00f3n para tus pizzas Desde la selecci\u00f3n de los granos hasta la producci\u00f3n de la harina, hemos recorrido un largo camino para obtener [&hellip;]<\/p>\n","protected":false},"author":1,"featured_media":0,"parent":0,"menu_order":0,"comment_status":"closed","ping_status":"closed","template":"","meta":{"_acf_changed":false,"footnotes":""},"class_list":["post-3323","page","type-page","status-publish","hentry"],"acf":[],"yoast_head":"<!-- This site is optimized with the Yoast SEO plugin v27.5 - https:\/\/yoast.com\/product\/yoast-seo-wordpress\/ -->\n<title>Sobre nosotros - Le 5 Stagioni<\/title>\n<meta name=\"robots\" content=\"index, follow, max-snippet:-1, max-image-preview:large, max-video-preview:-1\" \/>\n<link rel=\"canonical\" href=\"https:\/\/le5stagioni.com\/es\/sobre-nosotros\/\" \/>\n<meta property=\"og:locale\" content=\"es_ES\" \/>\n<meta property=\"og:type\" content=\"article\" \/>\n<meta property=\"og:title\" content=\"Sobre nosotros - Le 5 Stagioni\" \/>\n<meta property=\"og:description\" content=\"Tradici\u00f3n e innovaci\u00f3n para tus pizzas Desde la selecci\u00f3n de los granos hasta la producci\u00f3n de la harina, hemos recorrido un largo camino para obtener [&hellip;]\" \/>\n<meta property=\"og:url\" content=\"https:\/\/le5stagioni.com\/es\/sobre-nosotros\/\" \/>\n<meta property=\"og:site_name\" content=\"Le 5 Stagioni\" \/>\n<meta property=\"article:publisher\" content=\"https:\/\/www.facebook.com\/lesinfonie\" \/>\n<meta property=\"article:modified_time\" content=\"2025-04-03T10:28:37+00:00\" \/>\n<meta name=\"twitter:card\" content=\"summary_large_image\" \/>\n<meta name=\"twitter:label1\" content=\"Tiempo de lectura\" \/>\n\t<meta name=\"twitter:data1\" content=\"1 minuto\" \/>\n<script type=\"application\/ld+json\" class=\"yoast-schema-graph\">{\"@context\":\"https:\\\/\\\/schema.org\",\"@graph\":[{\"@type\":\"WebPage\",\"@id\":\"https:\\\/\\\/le5stagioni.com\\\/es\\\/sobre-nosotros\\\/\",\"url\":\"https:\\\/\\\/le5stagioni.com\\\/es\\\/sobre-nosotros\\\/\",\"name\":\"Sobre nosotros - Le 5 Stagioni\",\"isPartOf\":{\"@id\":\"https:\\\/\\\/le5stagioni.com\\\/es\\\/#website\"},\"datePublished\":\"2025-01-04T15:17:44+00:00\",\"dateModified\":\"2025-04-03T10:28:37+00:00\",\"breadcrumb\":{\"@id\":\"https:\\\/\\\/le5stagioni.com\\\/es\\\/sobre-nosotros\\\/#breadcrumb\"},\"inLanguage\":\"es\",\"potentialAction\":[{\"@type\":\"ReadAction\",\"target\":[\"https:\\\/\\\/le5stagioni.com\\\/es\\\/sobre-nosotros\\\/\"]}]},{\"@type\":\"BreadcrumbList\",\"@id\":\"https:\\\/\\\/le5stagioni.com\\\/es\\\/sobre-nosotros\\\/#breadcrumb\",\"itemListElement\":[{\"@type\":\"ListItem\",\"position\":1,\"name\":\"Home\",\"item\":\"https:\\\/\\\/le5stagioni.com\\\/es\\\/\"},{\"@type\":\"ListItem\",\"position\":2,\"name\":\"Sobre nosotros\"}]},{\"@type\":\"WebSite\",\"@id\":\"https:\\\/\\\/le5stagioni.com\\\/es\\\/#website\",\"url\":\"https:\\\/\\\/le5stagioni.com\\\/es\\\/\",\"name\":\"Le Sinfonie\",\"description\":\"\",\"publisher\":{\"@id\":\"https:\\\/\\\/le5stagioni.com\\\/es\\\/#organization\"},\"potentialAction\":[{\"@type\":\"SearchAction\",\"target\":{\"@type\":\"EntryPoint\",\"urlTemplate\":\"https:\\\/\\\/le5stagioni.com\\\/es\\\/?s={search_term_string}\"},\"query-input\":{\"@type\":\"PropertyValueSpecification\",\"valueRequired\":true,\"valueName\":\"search_term_string\"}}],\"inLanguage\":\"es\"},{\"@type\":\"Organization\",\"@id\":\"https:\\\/\\\/le5stagioni.com\\\/es\\\/#organization\",\"name\":\"Le Sinfonie\",\"url\":\"https:\\\/\\\/le5stagioni.com\\\/es\\\/\",\"logo\":{\"@type\":\"ImageObject\",\"inLanguage\":\"es\",\"@id\":\"https:\\\/\\\/le5stagioni.com\\\/es\\\/#\\\/schema\\\/logo\\\/image\\\/\",\"url\":\"https:\\\/\\\/le5stagioni.com\\\/wp-content\\\/uploads\\\/2024\\\/12\\\/Le5Stagioni_logo.svg\",\"contentUrl\":\"https:\\\/\\\/le5stagioni.com\\\/wp-content\\\/uploads\\\/2024\\\/12\\\/Le5Stagioni_logo.svg\",\"width\":203,\"height\":117,\"caption\":\"Le Sinfonie\"},\"image\":{\"@id\":\"https:\\\/\\\/le5stagioni.com\\\/es\\\/#\\\/schema\\\/logo\\\/image\\\/\"},\"sameAs\":[\"https:\\\/\\\/www.facebook.com\\\/lesinfonie\",\"https:\\\/\\\/www.instagram.com\\\/lesinfonie\\\/#\"]}]}<\/script>\n<!-- \/ Yoast SEO plugin. -->","yoast_head_json":{"title":"Sobre nosotros - Le 5 Stagioni","robots":{"index":"index","follow":"follow","max-snippet":"max-snippet:-1","max-image-preview":"max-image-preview:large","max-video-preview":"max-video-preview:-1"},"canonical":"https:\/\/le5stagioni.com\/es\/sobre-nosotros\/","og_locale":"es_ES","og_type":"article","og_title":"Sobre nosotros - Le 5 Stagioni","og_description":"Tradici\u00f3n e innovaci\u00f3n para tus pizzas Desde la selecci\u00f3n de los granos hasta la producci\u00f3n de la harina, hemos recorrido un largo camino para obtener [&hellip;]","og_url":"https:\/\/le5stagioni.com\/es\/sobre-nosotros\/","og_site_name":"Le 5 Stagioni","article_publisher":"https:\/\/www.facebook.com\/lesinfonie","article_modified_time":"2025-04-03T10:28:37+00:00","twitter_card":"summary_large_image","twitter_misc":{"Tiempo de lectura":"1 minuto"},"schema":{"@context":"https:\/\/schema.org","@graph":[{"@type":"WebPage","@id":"https:\/\/le5stagioni.com\/es\/sobre-nosotros\/","url":"https:\/\/le5stagioni.com\/es\/sobre-nosotros\/","name":"Sobre nosotros - Le 5 Stagioni","isPartOf":{"@id":"https:\/\/le5stagioni.com\/es\/#website"},"datePublished":"2025-01-04T15:17:44+00:00","dateModified":"2025-04-03T10:28:37+00:00","breadcrumb":{"@id":"https:\/\/le5stagioni.com\/es\/sobre-nosotros\/#breadcrumb"},"inLanguage":"es","potentialAction":[{"@type":"ReadAction","target":["https:\/\/le5stagioni.com\/es\/sobre-nosotros\/"]}]},{"@type":"BreadcrumbList","@id":"https:\/\/le5stagioni.com\/es\/sobre-nosotros\/#breadcrumb","itemListElement":[{"@type":"ListItem","position":1,"name":"Home","item":"https:\/\/le5stagioni.com\/es\/"},{"@type":"ListItem","position":2,"name":"Sobre nosotros"}]},{"@type":"WebSite","@id":"https:\/\/le5stagioni.com\/es\/#website","url":"https:\/\/le5stagioni.com\/es\/","name":"Le Sinfonie","description":"","publisher":{"@id":"https:\/\/le5stagioni.com\/es\/#organization"},"potentialAction":[{"@type":"SearchAction","target":{"@type":"EntryPoint","urlTemplate":"https:\/\/le5stagioni.com\/es\/?s={search_term_string}"},"query-input":{"@type":"PropertyValueSpecification","valueRequired":true,"valueName":"search_term_string"}}],"inLanguage":"es"},{"@type":"Organization","@id":"https:\/\/le5stagioni.com\/es\/#organization","name":"Le Sinfonie","url":"https:\/\/le5stagioni.com\/es\/","logo":{"@type":"ImageObject","inLanguage":"es","@id":"https:\/\/le5stagioni.com\/es\/#\/schema\/logo\/image\/","url":"https:\/\/le5stagioni.com\/wp-content\/uploads\/2024\/12\/Le5Stagioni_logo.svg","contentUrl":"https:\/\/le5stagioni.com\/wp-content\/uploads\/2024\/12\/Le5Stagioni_logo.svg","width":203,"height":117,"caption":"Le Sinfonie"},"image":{"@id":"https:\/\/le5stagioni.com\/es\/#\/schema\/logo\/image\/"},"sameAs":["https:\/\/www.facebook.com\/lesinfonie","https:\/\/www.instagram.com\/lesinfonie\/#"]}]}},"_links":{"self":[{"href":"https:\/\/le5stagioni.com\/es\/wp-json\/wp\/v2\/pages\/3323","targetHints":{"allow":["GET"]}}],"collection":[{"href":"https:\/\/le5stagioni.com\/es\/wp-json\/wp\/v2\/pages"}],"about":[{"href":"https:\/\/le5stagioni.com\/es\/wp-json\/wp\/v2\/types\/page"}],"author":[{"embeddable":true,"href":"https:\/\/le5stagioni.com\/es\/wp-json\/wp\/v2\/users\/1"}],"replies":[{"embeddable":true,"href":"https:\/\/le5stagioni.com\/es\/wp-json\/wp\/v2\/comments?post=3323"}],"version-history":[{"count":2,"href":"https:\/\/le5stagioni.com\/es\/wp-json\/wp\/v2\/pages\/3323\/revisions"}],"predecessor-version":[{"id":6647,"href":"https:\/\/le5stagioni.com\/es\/wp-json\/wp\/v2\/pages\/3323\/revisions\/6647"}],"wp:attachment":[{"href":"https:\/\/le5stagioni.com\/es\/wp-json\/wp\/v2\/media?parent=3323"}],"curies":[{"name":"wp","href":"https:\/\/api.w.org\/{rel}","templated":true}]}}