{"id":3302,"date":"2025-01-04T16:11:53","date_gmt":"2025-01-04T15:11:53","guid":{"rendered":"https:\/\/le5stagioni.com\/nuestras-colaboraciones\/"},"modified":"2025-04-03T15:22:27","modified_gmt":"2025-04-03T13:22:27","slug":"nuestras-colaboraciones","status":"publish","type":"page","link":"https:\/\/le5stagioni.com\/es\/nuestras-colaboraciones\/","title":{"rendered":"Nuestras colaboraciones"},"content":{"rendered":"\t\t<div data-elementor-type=\"wp-page\" data-elementor-id=\"3302\" class=\"elementor elementor-3302 elementor-2035\" data-elementor-post-type=\"page\">\n\t\t\t\t<div class=\"elementor-element elementor-element-4096400 e-flex e-con-boxed e-con e-parent\" data-id=\"4096400\" data-element_type=\"container\" data-e-type=\"container\">\n\t\t\t\t\t<div class=\"e-con-inner\">\n\t\t\t\t<div class=\"elementor-element elementor-element-fac25f1 elementor-widget elementor-widget-heading\" data-id=\"fac25f1\" data-element_type=\"widget\" data-e-type=\"widget\" data-widget_type=\"heading.default\">\n\t\t\t\t\t<h2 class=\"elementor-heading-title elementor-size-default\">Nuestras colaboraciones<\/h2>\t\t\t\t<\/div>\n\t\t\t\t\t<\/div>\n\t\t\t\t<\/div>\n\t\t<div class=\"elementor-element elementor-element-07841a3 e-flex e-con-boxed e-con e-parent\" data-id=\"07841a3\" data-element_type=\"container\" data-e-type=\"container\">\n\t\t\t\t\t<div class=\"e-con-inner\">\n\t\t<div class=\"elementor-element elementor-element-ecb2a07 e-con-full e-flex e-con e-child\" data-id=\"ecb2a07\" data-element_type=\"container\" data-e-type=\"container\">\n\t\t\t\t<div class=\"elementor-element elementor-element-0e6a532 elementor-widget elementor-widget-image\" data-id=\"0e6a532\" data-element_type=\"widget\" data-e-type=\"widget\" data-widget_type=\"image.default\">\n\t\t\t\t\t\t\t\t\t\t\t\t\t\t\t<img fetchpriority=\"high\" decoding=\"async\" width=\"800\" height=\"490\" src=\"https:\/\/le5stagioni.com\/wp-content\/uploads\/2025\/01\/Alma.jpg\" class=\"attachment-large size-large wp-image-2041\" alt=\"\" srcset=\"https:\/\/le5stagioni.com\/wp-content\/uploads\/2025\/01\/Alma.jpg 1000w, https:\/\/le5stagioni.com\/wp-content\/uploads\/2025\/01\/Alma-800x490.jpg 800w, https:\/\/le5stagioni.com\/wp-content\/uploads\/2025\/01\/Alma-768x470.jpg 768w\" sizes=\"(max-width: 800px) 100vw, 800px\" \/>\t\t\t\t\t\t\t\t\t\t\t\t\t\t\t<\/div>\n\t\t\t\t<\/div>\n\t\t<div class=\"elementor-element elementor-element-e4da2d0 e-con-full e-flex e-con e-child\" data-id=\"e4da2d0\" data-element_type=\"container\" data-e-type=\"container\">\n\t\t\t\t<div class=\"elementor-element elementor-element-7971735 elementor-widget elementor-widget-heading\" data-id=\"7971735\" data-element_type=\"widget\" data-e-type=\"widget\" data-widget_type=\"heading.default\">\n\t\t\t\t\t<h2 class=\"elementor-heading-title elementor-size-default\">Escuela Internacional de Cocina Italiana ALMA<\/h2>\t\t\t\t<\/div>\n\t\t\t\t<div class=\"elementor-element elementor-element-13f5eaf elementor-widget elementor-widget-text-editor\" data-id=\"13f5eaf\" data-element_type=\"widget\" data-e-type=\"widget\" data-widget_type=\"text-editor.default\">\n\t\t\t\t\t\t\t\t\t<p>ALMA forma a chefs, pasteleros, sumilleres, panaderos, profesionales de comedor, artesanos del helado y la pizza y responsables de catering de todo el mundo para que se conviertan en verdaderos protagonistas de la hosteler\u00eda gracias a programas de formaci\u00f3n de alto nivel con los profesores m\u00e1s autorizados.<\/p>\t\t\t\t\t\t\t\t<\/div>\n\t\t\t\t<div class=\"elementor-element elementor-element-243b70f elementor-widget elementor-widget-image\" data-id=\"243b70f\" data-element_type=\"widget\" data-e-type=\"widget\" data-widget_type=\"image.default\">\n\t\t\t\t\t\t\t\t\t\t\t\t\t\t\t\t<a href=\"https:\/\/www.alma.scuolacucina.it\/\">\n\t\t\t\t\t\t\t<img decoding=\"async\" width=\"313\" height=\"193\" src=\"https:\/\/le5stagioni.com\/wp-content\/uploads\/2025\/01\/home-alma-e1736430534486.jpg\" class=\"attachment-large size-large wp-image-2042\" alt=\"\" \/>\t\t\t\t\t\t\t\t<\/a>\n\t\t\t\t\t\t\t\t\t\t\t\t\t\t\t<\/div>\n\t\t\t\t<\/div>\n\t\t\t\t\t<\/div>\n\t\t\t\t<\/div>\n\t\t<div class=\"elementor-element elementor-element-f1589eb e-flex e-con-boxed e-con e-parent\" data-id=\"f1589eb\" data-element_type=\"container\" data-e-type=\"container\">\n\t\t\t\t\t<div class=\"e-con-inner\">\n\t\t<div class=\"elementor-element elementor-element-537dddb e-con-full e-flex e-con e-child\" data-id=\"537dddb\" data-element_type=\"container\" data-e-type=\"container\">\n\t\t\t\t<div class=\"elementor-element elementor-element-71c73b5 elementor-widget elementor-widget-heading\" data-id=\"71c73b5\" data-element_type=\"widget\" data-e-type=\"widget\" data-widget_type=\"heading.default\">\n\t\t\t\t\t<h2 class=\"elementor-heading-title elementor-size-default\">Escuela Italiana de Pizza<\/h2>\t\t\t\t<\/div>\n\t\t\t\t<div class=\"elementor-element elementor-element-02bbec4 elementor-widget elementor-widget-text-editor\" data-id=\"02bbec4\" data-element_type=\"widget\" data-e-type=\"widget\" data-widget_type=\"text-editor.default\">\n\t\t\t\t\t\t\t\t\t<p>La Scuola Italiana Pizzaioli forma a los futuros profesionales del mundo de la pizza. El programa educativo de la Escuela es el m\u00e1s completo del mundo de la pizza: desde el curso de Pizzaiolo Profesional de 1er nivel hasta la Formaci\u00f3n Avanzada para profesionales, desde la sostenibilidad en las pizzer\u00edas hasta las nuevas tendencias. <\/p>\t\t\t\t\t\t\t\t<\/div>\n\t\t\t\t<div class=\"elementor-element elementor-element-bc3f879 elementor-widget elementor-widget-image\" data-id=\"bc3f879\" data-element_type=\"widget\" data-e-type=\"widget\" data-widget_type=\"image.default\">\n\t\t\t\t\t\t\t\t\t\t\t\t\t\t\t\t<a href=\"https:\/\/icif.com\/\">\n\t\t\t\t\t\t\t<img decoding=\"async\" width=\"443\" height=\"193\" src=\"https:\/\/le5stagioni.com\/wp-content\/uploads\/2025\/02\/home-pizzaioli.jpg\" class=\"attachment-large size-large wp-image-4834\" alt=\"\" \/>\t\t\t\t\t\t\t\t<\/a>\n\t\t\t\t\t\t\t\t\t\t\t\t\t\t\t<\/div>\n\t\t\t\t<\/div>\n\t\t<div class=\"elementor-element elementor-element-079a06f e-con-full e-flex e-con e-child\" data-id=\"079a06f\" data-element_type=\"container\" data-e-type=\"container\">\n\t\t\t\t<div class=\"elementor-element elementor-element-8cd0aef elementor-widget elementor-widget-image\" data-id=\"8cd0aef\" data-element_type=\"widget\" data-e-type=\"widget\" data-widget_type=\"image.default\">\n\t\t\t\t\t\t\t\t\t\t\t\t\t\t\t<img loading=\"lazy\" decoding=\"async\" width=\"800\" height=\"450\" src=\"https:\/\/le5stagioni.com\/wp-content\/uploads\/2025\/01\/ICIF-1024x576.jpg\" class=\"attachment-large size-large wp-image-3315\" alt=\"\" srcset=\"https:\/\/le5stagioni.com\/wp-content\/uploads\/2025\/01\/ICIF-1024x576.jpg 1024w, https:\/\/le5stagioni.com\/wp-content\/uploads\/2025\/01\/ICIF-800x450.jpg 800w, https:\/\/le5stagioni.com\/wp-content\/uploads\/2025\/01\/ICIF-768x432.jpg 768w, https:\/\/le5stagioni.com\/wp-content\/uploads\/2025\/01\/ICIF-1536x864.jpg 1536w, https:\/\/le5stagioni.com\/wp-content\/uploads\/2025\/01\/ICIF.jpg 1920w\" sizes=\"(max-width: 800px) 100vw, 800px\" \/>\t\t\t\t\t\t\t\t\t\t\t\t\t\t\t<\/div>\n\t\t\t\t<\/div>\n\t\t\t\t\t<\/div>\n\t\t\t\t<\/div>\n\t\t<div class=\"elementor-element elementor-element-cf3932c e-flex e-con-boxed e-con e-parent\" data-id=\"cf3932c\" data-element_type=\"container\" data-e-type=\"container\">\n\t\t\t\t\t<div class=\"e-con-inner\">\n\t\t<div class=\"elementor-element elementor-element-4904f36 e-con-full e-flex e-con e-child\" data-id=\"4904f36\" data-element_type=\"container\" data-e-type=\"container\">\n\t\t\t\t<div class=\"elementor-element elementor-element-d56004e elementor-widget elementor-widget-image\" data-id=\"d56004e\" data-element_type=\"widget\" data-e-type=\"widget\" data-widget_type=\"image.default\">\n\t\t\t\t\t\t\t\t\t\t\t\t\t\t\t<img loading=\"lazy\" decoding=\"async\" width=\"800\" height=\"450\" src=\"https:\/\/le5stagioni.com\/wp-content\/uploads\/2025\/01\/Dolce-e-salato.jpg\" class=\"attachment-large size-large wp-image-2043\" alt=\"\" srcset=\"https:\/\/le5stagioni.com\/wp-content\/uploads\/2025\/01\/Dolce-e-salato.jpg 1000w, https:\/\/le5stagioni.com\/wp-content\/uploads\/2025\/01\/Dolce-e-salato-800x450.jpg 800w, https:\/\/le5stagioni.com\/wp-content\/uploads\/2025\/01\/Dolce-e-salato-768x432.jpg 768w\" sizes=\"(max-width: 800px) 100vw, 800px\" \/>\t\t\t\t\t\t\t\t\t\t\t\t\t\t\t<\/div>\n\t\t\t\t<\/div>\n\t\t<div class=\"elementor-element elementor-element-1d7a2fd e-con-full e-flex e-con e-child\" data-id=\"1d7a2fd\" data-element_type=\"container\" data-e-type=\"container\">\n\t\t\t\t<div class=\"elementor-element elementor-element-1a0e2f5 elementor-widget elementor-widget-heading\" data-id=\"1a0e2f5\" data-element_type=\"widget\" data-e-type=\"widget\" data-widget_type=\"heading.default\">\n\t\t\t\t\t<h2 class=\"elementor-heading-title elementor-size-default\">Escuela dulce y salada<\/h2>\t\t\t\t<\/div>\n\t\t\t\t<div class=\"elementor-element elementor-element-61f2846 elementor-widget elementor-widget-text-editor\" data-id=\"61f2846\" data-element_type=\"widget\" data-e-type=\"widget\" data-widget_type=\"text-editor.default\">\n\t\t\t\t\t\t\t\t\t<p>La escuela Dolce&amp;Salato forma a cocineros y pasteleros profesionales y aficionados mediante cursos de cualificaci\u00f3n profesional, talleres y cursos magistrales.<\/p>\t\t\t\t\t\t\t\t<\/div>\n\t\t\t\t<div class=\"elementor-element elementor-element-d6b6b52 elementor-widget elementor-widget-image\" data-id=\"d6b6b52\" data-element_type=\"widget\" data-e-type=\"widget\" data-widget_type=\"image.default\">\n\t\t\t\t\t\t\t\t\t\t\t\t\t\t\t\t<a href=\"https:\/\/dolcesalatoscuola.com\/\">\n\t\t\t\t\t\t\t<img loading=\"lazy\" decoding=\"async\" width=\"443\" height=\"193\" src=\"https:\/\/le5stagioni.com\/wp-content\/uploads\/2025\/01\/home-dolce-e-salato.jpg\" class=\"attachment-large size-large wp-image-2044\" alt=\"\" \/>\t\t\t\t\t\t\t\t<\/a>\n\t\t\t\t\t\t\t\t\t\t\t\t\t\t\t<\/div>\n\t\t\t\t<\/div>\n\t\t\t\t\t<\/div>\n\t\t\t\t<\/div>\n\t\t<div class=\"elementor-element elementor-element-3bd362b e-flex e-con-boxed e-con e-parent\" data-id=\"3bd362b\" data-element_type=\"container\" data-e-type=\"container\">\n\t\t\t\t\t<div class=\"e-con-inner\">\n\t\t<div class=\"elementor-element elementor-element-6ca2d4c e-con-full e-flex e-con e-child\" data-id=\"6ca2d4c\" data-element_type=\"container\" data-e-type=\"container\">\n\t\t\t\t<div class=\"elementor-element elementor-element-63a93a6 elementor-widget elementor-widget-heading\" data-id=\"63a93a6\" data-element_type=\"widget\" data-e-type=\"widget\" data-widget_type=\"heading.default\">\n\t\t\t\t\t<h2 class=\"elementor-heading-title elementor-size-default\">Universidad de Ciencias Gastron\u00f3micas\n \n en Pollenzo<\/h2>\t\t\t\t<\/div>\n\t\t\t\t<div class=\"elementor-element elementor-element-75cc60f elementor-widget elementor-widget-text-editor\" data-id=\"75cc60f\" data-element_type=\"widget\" data-e-type=\"widget\" data-widget_type=\"text-editor.default\">\n\t\t\t\t\t\t\t\t\t<p>Fundada en 2004, la universidad creada por la asociaci\u00f3n Slow Food forma a los mejores gastr\u00f3nomos, nuevas figuras profesionales con conocimientos y competencias interdisciplinares en ciencias, cultura, pol\u00edtica, econom\u00eda y ecolog\u00eda de la alimentaci\u00f3n.<\/p>\t\t\t\t\t\t\t\t<\/div>\n\t\t\t\t<div class=\"elementor-element elementor-element-8484df2 elementor-widget elementor-widget-image\" data-id=\"8484df2\" data-element_type=\"widget\" data-e-type=\"widget\" data-widget_type=\"image.default\">\n\t\t\t\t\t\t\t\t\t\t\t\t\t\t\t\t<a href=\"https:\/\/latelierbarcelona.com\/escuela\/\">\n\t\t\t\t\t\t\t<img loading=\"lazy\" decoding=\"async\" width=\"443\" height=\"193\" src=\"https:\/\/le5stagioni.com\/wp-content\/uploads\/2025\/02\/home-pollenzo.jpg\" class=\"attachment-large size-large wp-image-4828\" alt=\"\" \/>\t\t\t\t\t\t\t\t<\/a>\n\t\t\t\t\t\t\t\t\t\t\t\t\t\t\t<\/div>\n\t\t\t\t<\/div>\n\t\t<div class=\"elementor-element elementor-element-a7e68ea e-con-full e-flex e-con e-child\" data-id=\"a7e68ea\" data-element_type=\"container\" data-e-type=\"container\">\n\t\t\t\t<div class=\"elementor-element elementor-element-7e6a52b elementor-widget elementor-widget-image\" data-id=\"7e6a52b\" data-element_type=\"widget\" data-e-type=\"widget\" data-widget_type=\"image.default\">\n\t\t\t\t\t\t\t\t\t\t\t\t\t\t\t<img loading=\"lazy\" decoding=\"async\" width=\"800\" height=\"376\" src=\"https:\/\/le5stagioni.com\/wp-content\/uploads\/2025\/01\/atelier-barcelona-1024x481.jpg\" class=\"attachment-large size-large wp-image-3317\" alt=\"\" srcset=\"https:\/\/le5stagioni.com\/wp-content\/uploads\/2025\/01\/atelier-barcelona-1024x481.jpg 1024w, https:\/\/le5stagioni.com\/wp-content\/uploads\/2025\/01\/atelier-barcelona-800x376.jpg 800w, https:\/\/le5stagioni.com\/wp-content\/uploads\/2025\/01\/atelier-barcelona-768x361.jpg 768w, https:\/\/le5stagioni.com\/wp-content\/uploads\/2025\/01\/atelier-barcelona.jpg 1170w\" sizes=\"(max-width: 800px) 100vw, 800px\" \/>\t\t\t\t\t\t\t\t\t\t\t\t\t\t\t<\/div>\n\t\t\t\t<\/div>\n\t\t\t\t\t<\/div>\n\t\t\t\t<\/div>\n\t\t\t\t<\/div>\n\t\t","protected":false},"excerpt":{"rendered":"<p>Nuestras colaboraciones Escuela Internacional de Cocina Italiana ALMA ALMA forma a chefs, pasteleros, sumilleres, panaderos, profesionales de comedor, artesanos del helado y la pizza y [&hellip;]<\/p>\n","protected":false},"author":1,"featured_media":0,"parent":0,"menu_order":0,"comment_status":"closed","ping_status":"closed","template":"","meta":{"_acf_changed":false,"footnotes":""},"class_list":["post-3302","page","type-page","status-publish","hentry"],"acf":[],"yoast_head":"<!-- This site is optimized with the Yoast SEO plugin v27.5 - https:\/\/yoast.com\/product\/yoast-seo-wordpress\/ -->\n<title>Nuestras colaboraciones - Le 5 Stagioni<\/title>\n<meta name=\"robots\" content=\"index, follow, max-snippet:-1, max-image-preview:large, max-video-preview:-1\" \/>\n<link rel=\"canonical\" href=\"https:\/\/le5stagioni.com\/es\/nuestras-colaboraciones\/\" \/>\n<meta property=\"og:locale\" content=\"es_ES\" \/>\n<meta property=\"og:type\" content=\"article\" \/>\n<meta property=\"og:title\" content=\"Nuestras colaboraciones - Le 5 Stagioni\" \/>\n<meta property=\"og:description\" content=\"Nuestras colaboraciones Escuela Internacional de Cocina Italiana ALMA ALMA forma a chefs, pasteleros, sumilleres, panaderos, profesionales de comedor, artesanos del helado y la pizza y [&hellip;]\" \/>\n<meta property=\"og:url\" content=\"https:\/\/le5stagioni.com\/es\/nuestras-colaboraciones\/\" \/>\n<meta property=\"og:site_name\" content=\"Le 5 Stagioni\" \/>\n<meta property=\"article:publisher\" content=\"https:\/\/www.facebook.com\/lesinfonie\" \/>\n<meta property=\"article:modified_time\" content=\"2025-04-03T13:22:27+00:00\" \/>\n<meta property=\"og:image\" content=\"https:\/\/le5stagioni.com\/wp-content\/uploads\/2025\/01\/Alma.jpg\" \/>\n\t<meta property=\"og:image:width\" content=\"1000\" \/>\n\t<meta property=\"og:image:height\" content=\"612\" \/>\n\t<meta property=\"og:image:type\" content=\"image\/jpeg\" \/>\n<meta name=\"twitter:card\" content=\"summary_large_image\" \/>\n<meta name=\"twitter:label1\" content=\"Tiempo de lectura\" \/>\n\t<meta name=\"twitter:data1\" content=\"1 minuto\" \/>\n<script type=\"application\/ld+json\" class=\"yoast-schema-graph\">{\"@context\":\"https:\\\/\\\/schema.org\",\"@graph\":[{\"@type\":\"WebPage\",\"@id\":\"https:\\\/\\\/le5stagioni.com\\\/es\\\/nuestras-colaboraciones\\\/\",\"url\":\"https:\\\/\\\/le5stagioni.com\\\/es\\\/nuestras-colaboraciones\\\/\",\"name\":\"Nuestras colaboraciones - Le 5 Stagioni\",\"isPartOf\":{\"@id\":\"https:\\\/\\\/le5stagioni.com\\\/es\\\/#website\"},\"primaryImageOfPage\":{\"@id\":\"https:\\\/\\\/le5stagioni.com\\\/es\\\/nuestras-colaboraciones\\\/#primaryimage\"},\"image\":{\"@id\":\"https:\\\/\\\/le5stagioni.com\\\/es\\\/nuestras-colaboraciones\\\/#primaryimage\"},\"thumbnailUrl\":\"https:\\\/\\\/le5stagioni.com\\\/wp-content\\\/uploads\\\/2025\\\/01\\\/Alma.jpg\",\"datePublished\":\"2025-01-04T15:11:53+00:00\",\"dateModified\":\"2025-04-03T13:22:27+00:00\",\"breadcrumb\":{\"@id\":\"https:\\\/\\\/le5stagioni.com\\\/es\\\/nuestras-colaboraciones\\\/#breadcrumb\"},\"inLanguage\":\"es\",\"potentialAction\":[{\"@type\":\"ReadAction\",\"target\":[\"https:\\\/\\\/le5stagioni.com\\\/es\\\/nuestras-colaboraciones\\\/\"]}]},{\"@type\":\"ImageObject\",\"inLanguage\":\"es\",\"@id\":\"https:\\\/\\\/le5stagioni.com\\\/es\\\/nuestras-colaboraciones\\\/#primaryimage\",\"url\":\"https:\\\/\\\/le5stagioni.com\\\/wp-content\\\/uploads\\\/2025\\\/01\\\/Alma.jpg\",\"contentUrl\":\"https:\\\/\\\/le5stagioni.com\\\/wp-content\\\/uploads\\\/2025\\\/01\\\/Alma.jpg\"},{\"@type\":\"BreadcrumbList\",\"@id\":\"https:\\\/\\\/le5stagioni.com\\\/es\\\/nuestras-colaboraciones\\\/#breadcrumb\",\"itemListElement\":[{\"@type\":\"ListItem\",\"position\":1,\"name\":\"Home\",\"item\":\"https:\\\/\\\/le5stagioni.com\\\/es\\\/\"},{\"@type\":\"ListItem\",\"position\":2,\"name\":\"Nuestras colaboraciones\"}]},{\"@type\":\"WebSite\",\"@id\":\"https:\\\/\\\/le5stagioni.com\\\/es\\\/#website\",\"url\":\"https:\\\/\\\/le5stagioni.com\\\/es\\\/\",\"name\":\"Le Sinfonie\",\"description\":\"\",\"publisher\":{\"@id\":\"https:\\\/\\\/le5stagioni.com\\\/es\\\/#organization\"},\"potentialAction\":[{\"@type\":\"SearchAction\",\"target\":{\"@type\":\"EntryPoint\",\"urlTemplate\":\"https:\\\/\\\/le5stagioni.com\\\/es\\\/?s={search_term_string}\"},\"query-input\":{\"@type\":\"PropertyValueSpecification\",\"valueRequired\":true,\"valueName\":\"search_term_string\"}}],\"inLanguage\":\"es\"},{\"@type\":\"Organization\",\"@id\":\"https:\\\/\\\/le5stagioni.com\\\/es\\\/#organization\",\"name\":\"Le Sinfonie\",\"url\":\"https:\\\/\\\/le5stagioni.com\\\/es\\\/\",\"logo\":{\"@type\":\"ImageObject\",\"inLanguage\":\"es\",\"@id\":\"https:\\\/\\\/le5stagioni.com\\\/es\\\/#\\\/schema\\\/logo\\\/image\\\/\",\"url\":\"https:\\\/\\\/le5stagioni.com\\\/wp-content\\\/uploads\\\/2024\\\/12\\\/Le5Stagioni_logo.svg\",\"contentUrl\":\"https:\\\/\\\/le5stagioni.com\\\/wp-content\\\/uploads\\\/2024\\\/12\\\/Le5Stagioni_logo.svg\",\"width\":203,\"height\":117,\"caption\":\"Le Sinfonie\"},\"image\":{\"@id\":\"https:\\\/\\\/le5stagioni.com\\\/es\\\/#\\\/schema\\\/logo\\\/image\\\/\"},\"sameAs\":[\"https:\\\/\\\/www.facebook.com\\\/lesinfonie\",\"https:\\\/\\\/www.instagram.com\\\/lesinfonie\\\/#\"]}]}<\/script>\n<!-- \/ Yoast SEO plugin. -->","yoast_head_json":{"title":"Nuestras colaboraciones - Le 5 Stagioni","robots":{"index":"index","follow":"follow","max-snippet":"max-snippet:-1","max-image-preview":"max-image-preview:large","max-video-preview":"max-video-preview:-1"},"canonical":"https:\/\/le5stagioni.com\/es\/nuestras-colaboraciones\/","og_locale":"es_ES","og_type":"article","og_title":"Nuestras colaboraciones - Le 5 Stagioni","og_description":"Nuestras colaboraciones Escuela Internacional de Cocina Italiana ALMA ALMA forma a chefs, pasteleros, sumilleres, panaderos, profesionales de comedor, artesanos del helado y la pizza y [&hellip;]","og_url":"https:\/\/le5stagioni.com\/es\/nuestras-colaboraciones\/","og_site_name":"Le 5 Stagioni","article_publisher":"https:\/\/www.facebook.com\/lesinfonie","article_modified_time":"2025-04-03T13:22:27+00:00","og_image":[{"width":1000,"height":612,"url":"https:\/\/le5stagioni.com\/wp-content\/uploads\/2025\/01\/Alma.jpg","type":"image\/jpeg"}],"twitter_card":"summary_large_image","twitter_misc":{"Tiempo de lectura":"1 minuto"},"schema":{"@context":"https:\/\/schema.org","@graph":[{"@type":"WebPage","@id":"https:\/\/le5stagioni.com\/es\/nuestras-colaboraciones\/","url":"https:\/\/le5stagioni.com\/es\/nuestras-colaboraciones\/","name":"Nuestras colaboraciones - Le 5 Stagioni","isPartOf":{"@id":"https:\/\/le5stagioni.com\/es\/#website"},"primaryImageOfPage":{"@id":"https:\/\/le5stagioni.com\/es\/nuestras-colaboraciones\/#primaryimage"},"image":{"@id":"https:\/\/le5stagioni.com\/es\/nuestras-colaboraciones\/#primaryimage"},"thumbnailUrl":"https:\/\/le5stagioni.com\/wp-content\/uploads\/2025\/01\/Alma.jpg","datePublished":"2025-01-04T15:11:53+00:00","dateModified":"2025-04-03T13:22:27+00:00","breadcrumb":{"@id":"https:\/\/le5stagioni.com\/es\/nuestras-colaboraciones\/#breadcrumb"},"inLanguage":"es","potentialAction":[{"@type":"ReadAction","target":["https:\/\/le5stagioni.com\/es\/nuestras-colaboraciones\/"]}]},{"@type":"ImageObject","inLanguage":"es","@id":"https:\/\/le5stagioni.com\/es\/nuestras-colaboraciones\/#primaryimage","url":"https:\/\/le5stagioni.com\/wp-content\/uploads\/2025\/01\/Alma.jpg","contentUrl":"https:\/\/le5stagioni.com\/wp-content\/uploads\/2025\/01\/Alma.jpg"},{"@type":"BreadcrumbList","@id":"https:\/\/le5stagioni.com\/es\/nuestras-colaboraciones\/#breadcrumb","itemListElement":[{"@type":"ListItem","position":1,"name":"Home","item":"https:\/\/le5stagioni.com\/es\/"},{"@type":"ListItem","position":2,"name":"Nuestras colaboraciones"}]},{"@type":"WebSite","@id":"https:\/\/le5stagioni.com\/es\/#website","url":"https:\/\/le5stagioni.com\/es\/","name":"Le Sinfonie","description":"","publisher":{"@id":"https:\/\/le5stagioni.com\/es\/#organization"},"potentialAction":[{"@type":"SearchAction","target":{"@type":"EntryPoint","urlTemplate":"https:\/\/le5stagioni.com\/es\/?s={search_term_string}"},"query-input":{"@type":"PropertyValueSpecification","valueRequired":true,"valueName":"search_term_string"}}],"inLanguage":"es"},{"@type":"Organization","@id":"https:\/\/le5stagioni.com\/es\/#organization","name":"Le Sinfonie","url":"https:\/\/le5stagioni.com\/es\/","logo":{"@type":"ImageObject","inLanguage":"es","@id":"https:\/\/le5stagioni.com\/es\/#\/schema\/logo\/image\/","url":"https:\/\/le5stagioni.com\/wp-content\/uploads\/2024\/12\/Le5Stagioni_logo.svg","contentUrl":"https:\/\/le5stagioni.com\/wp-content\/uploads\/2024\/12\/Le5Stagioni_logo.svg","width":203,"height":117,"caption":"Le Sinfonie"},"image":{"@id":"https:\/\/le5stagioni.com\/es\/#\/schema\/logo\/image\/"},"sameAs":["https:\/\/www.facebook.com\/lesinfonie","https:\/\/www.instagram.com\/lesinfonie\/#"]}]}},"_links":{"self":[{"href":"https:\/\/le5stagioni.com\/es\/wp-json\/wp\/v2\/pages\/3302","targetHints":{"allow":["GET"]}}],"collection":[{"href":"https:\/\/le5stagioni.com\/es\/wp-json\/wp\/v2\/pages"}],"about":[{"href":"https:\/\/le5stagioni.com\/es\/wp-json\/wp\/v2\/types\/page"}],"author":[{"embeddable":true,"href":"https:\/\/le5stagioni.com\/es\/wp-json\/wp\/v2\/users\/1"}],"replies":[{"embeddable":true,"href":"https:\/\/le5stagioni.com\/es\/wp-json\/wp\/v2\/comments?post=3302"}],"version-history":[{"count":4,"href":"https:\/\/le5stagioni.com\/es\/wp-json\/wp\/v2\/pages\/3302\/revisions"}],"predecessor-version":[{"id":6740,"href":"https:\/\/le5stagioni.com\/es\/wp-json\/wp\/v2\/pages\/3302\/revisions\/6740"}],"wp:attachment":[{"href":"https:\/\/le5stagioni.com\/es\/wp-json\/wp\/v2\/media?parent=3302"}],"curies":[{"name":"wp","href":"https:\/\/api.w.org\/{rel}","templated":true}]}}